{"id":364,"date":"2021-01-08T05:58:27","date_gmt":"2021-01-08T05:58:27","guid":{"rendered":"https:\/\/www.kersonwallaw.com\/e-learning-courses\/"},"modified":"2021-01-27T13:38:45","modified_gmt":"2021-01-27T13:38:45","slug":"e-learning-courses","status":"publish","type":"page","link":"https:\/\/www.kersonwallaw.com\/fr\/e-learning-courses\/","title":{"rendered":"cours e-learning"},"content":{"rendered":"<p>[et_pb_section fb_built=\u00a0\u00bb1&Prime; admin_label=\u00a0\u00bbInner Banner\u00a0\u00bb module_class=\u00a0\u00bbinner-banner\u00a0\u00bb _builder_version=\u00a0\u00bb4.7.7&Prime; _module_preset=\u00a0\u00bbdefault\u00a0\u00bb][et_pb_row _builder_version=\u00a0\u00bb4.7.7&Prime; _module_preset=\u00a0\u00bbdefault\u00a0\u00bb][et_pb_column type=\u00a0\u00bb4_4&Prime; _builder_version=\u00a0\u00bb4.7.7&Prime; _module_preset=\u00a0\u00bbdefault\u00a0\u00bb][et_pb_image src=\u00a0\u00bbhttps:\/\/www.kersonwallaw.com\/wp-content\/uploads\/2021\/01\/online-courses-banner.png\u00a0\u00bb title_text=\u00a0\u00bbonline-courses-banner\u00a0\u00bb _builder_version=\u00a0\u00bb4.7.7&Prime; _module_preset=\u00a0\u00bbdefault\u00a0\u00bb][\/et_pb_image][et_pb_text _builder_version=\u00a0\u00bb4.7.7&Prime; _module_preset=\u00a0\u00bbdefault\u00a0\u00bb]<\/p>\n<div id=\"tw-container\" class=\"YQaNob\" data-cp=\"1\" data-nnttsvi=\"1\" data-sm=\"1\" data-sugg-time=\"500\" data-sugg-url=\"https:\/\/clients1.google.com\/complete\/search\" data-uilc=\"en\">\n<div>\n<div class=\"jhH5U\">\n<div id=\"tw-ob\" class=\"tw-src-ltr\">\n<div class=\"oSioSc\">\n<div id=\"tw-target\">\n<div id=\"kAz1tf\" class=\"g9WsWb\">\n<div id=\"tw-target-text-container\" class=\"tw-ta-container hide-focus-ring tw-nfl\" tabindex=\"0\">\n<p id=\"tw-target-text\" class=\"tw-data-text tw-text-large XcVN5d tw-ta\" dir=\"ltr\" data-placeholder=\"Translation\"><span lang=\"fr\">UBITRAK: UNE CONFORMIT\u00c9 SANS SOUCIS<\/span><\/p>\n<\/div>\n<\/div>\n<\/div>\n<\/div>\n<\/div>\n<\/div>\n<\/div>\n<\/div>\n<p>[\/et_pb_text][\/et_pb_column][\/et_pb_row][\/et_pb_section][et_pb_section fb_built=\u00a0\u00bb1&Prime; admin_label=\u00a0\u00bbCOURS EN LIGNE\u00a0\u00bb _builder_version=\u00a0\u00bb4.7.7&Prime; _module_preset=\u00a0\u00bbdefault\u00a0\u00bb hover_enabled=\u00a0\u00bb0&Prime; locked=\u00a0\u00bboff\u00a0\u00bb collapsed=\u00a0\u00bboff\u00a0\u00bb sticky_enabled=\u00a0\u00bb0&Prime;][et_pb_row module_class=\u00a0\u00bbtitle-main\u00a0\u00bb _builder_version=\u00a0\u00bb4.7.7&Prime; _module_preset=\u00a0\u00bbdefault\u00a0\u00bb custom_padding=\u00a0\u00bb||0px||false|false\u00a0\u00bb][et_pb_column type=\u00a0\u00bb4_4&Prime; _builder_version=\u00a0\u00bb4.7.7&Prime; _module_preset=\u00a0\u00bbdefault\u00a0\u00bb][et_pb_text admin_label=\u00a0\u00bbCOURS EN LIGNE\u00a0\u00bb _builder_version=\u00a0\u00bb4.7.7&Prime; _module_preset=\u00a0\u00bbdefault\u00a0\u00bb hover_enabled=\u00a0\u00bb0&Prime; sticky_enabled=\u00a0\u00bb0&Prime;]<\/p>\n<h2 style=\"text-align: center;\">COURS EN LIGNE<\/h2>\n<p>[\/et_pb_text][\/et_pb_column][\/et_pb_row][et_pb_row module_class=\u00a0\u00bbsub-text text-upper\u00a0\u00bb _builder_version=\u00a0\u00bb4.7.7&Prime; _module_preset=\u00a0\u00bbdefault\u00a0\u00bb][et_pb_column type=\u00a0\u00bb4_4&Prime; _builder_version=\u00a0\u00bb4.7.7&Prime; _module_preset=\u00a0\u00bbdefault\u00a0\u00bb][et_pb_text _builder_version=\u00a0\u00bb4.7.7&Prime; _module_preset=\u00a0\u00bbdefault\u00a0\u00bb]<\/p>\n<p>Vous recherchez une solution pour r\u00e9pondre \u00e0 la nouvelle exigence annuelle 6.5 de PCI DSS 3.2? Nous avons la solution: Ubitrak propose une nouvelle classe eLearning \u00e0 jour sur la fa\u00e7on de concevoir des applications s\u00e9curis\u00e9es tout en r\u00e9pondant aux normes PCI.<\/p>\n<p>Ce cours eLearning en 4 modules qui a \u00e9t\u00e9 d\u00e9velopp\u00e9 par l&rsquo;application de paiement QSA et des professeurs d&rsquo;universit\u00e9 couvre certaines des techniques les plus r\u00e9centes de s\u00e9curit\u00e9 des applications pour diff\u00e9rents types d&rsquo;O \/ S et de besoins.<\/p>\n<p>[\/et_pb_text][et_pb_text _builder_version=\u00a0\u00bb4.7.7&Prime; _module_preset=\u00a0\u00bbdefault\u00a0\u00bb custom_margin=\u00a0\u00bb||0px||false|false\u00a0\u00bb]<\/p>\n<p>notre brochure E-Learning<\/p>\n<p>[\/et_pb_text][et_pb_button button_url=\u00a0\u00bbhttps:\/\/www.kersonwallaw.com\/wp-content\/uploads\/2021\/01\/sample-pdf.pdf\u00a0\u00bb url_new_window=\u00a0\u00bbon\u00a0\u00bb button_text=\u00a0\u00bbT\u00e9l\u00e9charger le PDF\u00a0\u00bb admin_label=\u00a0\u00bbT\u00e9l\u00e9charger le PDF\u00a0\u00bb module_class=\u00a0\u00bbgreen-btn\u00a0\u00bb _builder_version=\u00a0\u00bb4.7.7&Prime; _module_preset=\u00a0\u00bbdefault\u00a0\u00bb][\/et_pb_button][\/et_pb_column][\/et_pb_row][\/et_pb_section]<\/p>\n","protected":false},"excerpt":{"rendered":"<p>UBITRAK: UNE CONFORMIT\u00c9 SANS SOUCIS COURS EN LIGNEVous recherchez une solution pour r\u00e9pondre \u00e0 la nouvelle exigence annuelle 6.5 de PCI DSS 3.2? Nous avons la solution: Ubitrak propose une nouvelle classe eLearning \u00e0 jour sur la fa\u00e7on de concevoir des applications s\u00e9curis\u00e9es tout en r\u00e9pondant aux normes PCI. Ce cours eLearning en 4 modules [&hellip;]<\/p>\n","protected":false},"author":1,"featured_media":0,"parent":0,"menu_order":0,"comment_status":"closed","ping_status":"closed","template":"","meta":{"_et_pb_use_builder":"on","_et_pb_old_content":"","_et_gb_content_width":"","inline_featured_image":false,"footnotes":""},"class_list":["post-364","page","type-page","status-publish","hentry"],"_links":{"self":[{"href":"https:\/\/www.kersonwallaw.com\/fr\/wp-json\/wp\/v2\/pages\/364","targetHints":{"allow":["GET"]}}],"collection":[{"href":"https:\/\/www.kersonwallaw.com\/fr\/wp-json\/wp\/v2\/pages"}],"about":[{"href":"https:\/\/www.kersonwallaw.com\/fr\/wp-json\/wp\/v2\/types\/page"}],"author":[{"embeddable":true,"href":"https:\/\/www.kersonwallaw.com\/fr\/wp-json\/wp\/v2\/users\/1"}],"replies":[{"embeddable":true,"href":"https:\/\/www.kersonwallaw.com\/fr\/wp-json\/wp\/v2\/comments?post=364"}],"version-history":[{"count":10,"href":"https:\/\/www.kersonwallaw.com\/fr\/wp-json\/wp\/v2\/pages\/364\/revisions"}],"predecessor-version":[{"id":621,"href":"https:\/\/www.kersonwallaw.com\/fr\/wp-json\/wp\/v2\/pages\/364\/revisions\/621"}],"wp:attachment":[{"href":"https:\/\/www.kersonwallaw.com\/fr\/wp-json\/wp\/v2\/media?parent=364"}],"curies":[{"name":"wp","href":"https:\/\/api.w.org\/{rel}","templated":true}]}}