{"id":378,"date":"2021-01-08T05:57:56","date_gmt":"2021-01-08T05:57:56","guid":{"rendered":"https:\/\/www.kersonwallaw.com\/certification-service\/"},"modified":"2021-01-27T12:38:16","modified_gmt":"2021-01-27T12:38:16","slug":"certification-service","status":"publish","type":"page","link":"https:\/\/www.kersonwallaw.com\/fr\/certification-service\/","title":{"rendered":"Service de certification"},"content":{"rendered":"<p>[et_pb_section fb_built=\u00a0\u00bb1&Prime; admin_label=\u00a0\u00bbInner Banner\u00a0\u00bb module_class=\u00a0\u00bbinner-banner\u00a0\u00bb _builder_version=\u00a0\u00bb4.7.7&Prime; _module_preset=\u00a0\u00bbdefault\u00a0\u00bb][et_pb_row _builder_version=\u00a0\u00bb4.7.7&Prime; _module_preset=\u00a0\u00bbdefault\u00a0\u00bb][et_pb_column type=\u00a0\u00bb4_4&Prime; _builder_version=\u00a0\u00bb4.7.7&Prime; _module_preset=\u00a0\u00bbdefault\u00a0\u00bb][et_pb_image src=\u00a0\u00bbhttps:\/\/www.kersonwallaw.com\/wp-content\/uploads\/2021\/01\/online-courses-banner.png\u00a0\u00bb title_text=\u00a0\u00bbonline-courses-banner\u00a0\u00bb _builder_version=\u00a0\u00bb4.7.7&Prime; _module_preset=\u00a0\u00bbdefault\u00a0\u00bb][\/et_pb_image][et_pb_text _builder_version=\u00a0\u00bb4.7.7&Prime; _module_preset=\u00a0\u00bbdefault\u00a0\u00bb]<\/p>\n<div id=\"tw-container\" class=\"YQaNob\" data-cp=\"1\" data-nnttsvi=\"1\" data-sm=\"1\" data-sugg-time=\"500\" data-sugg-url=\"https:\/\/clients1.google.com\/complete\/search\" data-uilc=\"en\">\n<div class=\"jhH5U\">\n<div id=\"tw-ob\" class=\"tw-src-ltr\">\n<div class=\"oSioSc\">\n<div id=\"tw-target\">\n<div id=\"kAz1tf\" class=\"g9WsWb\">\n<div id=\"tw-target-text-container\" class=\"tw-ta-container hide-focus-ring tw-nfl\" tabindex=\"0\">\n<p id=\"tw-target-text\" class=\"tw-data-text tw-text-large XcVN5d tw-ta\" dir=\"ltr\" data-placeholder=\"Translation\"><span lang=\"fr\">UBITRAK: UNE CONFORMIT\u00c9 SANS SOUCIS<\/span><\/p>\n<\/div>\n<\/div>\n<\/div>\n<\/div>\n<\/div>\n<\/div>\n<\/div>\n<p>[\/et_pb_text][\/et_pb_column][\/et_pb_row][\/et_pb_section][et_pb_section fb_built=\u00a0\u00bb1&Prime; admin_label=\u00a0\u00bbOUR COMPLIANCE\u00a0\u00bb _builder_version=\u00a0\u00bb4.7.7&Prime; _module_preset=\u00a0\u00bbdefault\u00a0\u00bb custom_css_main_element=\u00a0\u00bbpadding-bottom:0 !important;\u00a0\u00bb locked=\u00a0\u00bboff\u00a0\u00bb collapsed=\u00a0\u00bboff\u00a0\u00bb][et_pb_row module_class=\u00a0\u00bbtitle-main\u00a0\u00bb _builder_version=\u00a0\u00bb4.7.7&Prime; _module_preset=\u00a0\u00bbdefault\u00a0\u00bb custom_padding=\u00a0\u00bb||0px||false|false\u00a0\u00bb][et_pb_column type=\u00a0\u00bb4_4&Prime; _builder_version=\u00a0\u00bb4.7.7&Prime; _module_preset=\u00a0\u00bbdefault\u00a0\u00bb][et_pb_text admin_label=\u00a0\u00bbNOS SERVICES DE CONFORMIT\u00c9 ET DE CERTIFICATION\u00a0\u00bb _builder_version=\u00a0\u00bb4.7.7&Prime; _module_preset=\u00a0\u00bbdefault\u00a0\u00bb hover_enabled=\u00a0\u00bb0&Prime; sticky_enabled=\u00a0\u00bb0&Prime;]<\/p>\n<h2 style=\"text-align: center;\">NOS SERVICES DE CONFORMIT\u00c9 ET DE CERTIFICATION<\/h2>\n<p>[\/et_pb_text][\/et_pb_column][\/et_pb_row][et_pb_row module_class=\u00a0\u00bbsub-text text-upper full-text\u00a0\u00bb _builder_version=\u00a0\u00bb4.7.7&Prime; _module_preset=\u00a0\u00bbdefault\u00a0\u00bb][et_pb_column type=\u00a0\u00bb4_4&Prime; _builder_version=\u00a0\u00bb4.7.7&Prime; _module_preset=\u00a0\u00bbdefault\u00a0\u00bb][et_pb_text _builder_version=\u00a0\u00bb4.7.7&Prime; _module_preset=\u00a0\u00bbdefault\u00a0\u00bb hover_enabled=\u00a0\u00bb0&Prime; sticky_enabled=\u00a0\u00bb0&Prime;]<\/p>\n<p>Vous recherchez une solution pour r\u00e9pondre \u00e0 la nouvelle exigence annuelle 6.5 de PCI DSS 3.2? Nous avons la solution: Ubitrak propose une nouvelle classe eLearning \u00e0 jour sur la fa\u00e7on de concevoir des applications s\u00e9curis\u00e9es tout en r\u00e9pondant aux normes PCI.<\/p>\n<p>Ce cours eLearning en 4 modules qui a \u00e9t\u00e9 d\u00e9velopp\u00e9 par l&rsquo;application de paiement QSA et des professeurs d&rsquo;universit\u00e9 couvre certaines des techniques les plus r\u00e9centes de s\u00e9curit\u00e9 des applications pour diff\u00e9rents types d&rsquo;O \/ S et de besoins.<\/p>\n<p>[\/et_pb_text][\/et_pb_column][\/et_pb_row][et_pb_row column_structure=\u00a0\u00bb1_3,1_3,1_3&Prime; module_class=\u00a0\u00bball-text pci-box\u00a0\u00bb _builder_version=\u00a0\u00bb4.7.7&Prime; _module_preset=\u00a0\u00bbdefault\u00a0\u00bb][et_pb_column type=\u00a0\u00bb1_3&Prime; _builder_version=\u00a0\u00bb4.7.7&Prime; _module_preset=\u00a0\u00bbdefault\u00a0\u00bb][et_pb_text admin_label=\u00a0\u00bbPCI DSS\u00a0\u00bb _builder_version=\u00a0\u00bb4.7.7&Prime; _module_preset=\u00a0\u00bbdefault\u00a0\u00bb hover_enabled=\u00a0\u00bb0&Prime; sticky_enabled=\u00a0\u00bb0&Prime;]<\/p>\n<h3>PCI DSS<\/h3>\n<p>Nous avons r\u00e9alis\u00e9 plusieurs audits pour des prestataires de services nationaux et des commer\u00e7ants. Nous ne vendons aucun produit, nous restons donc ind\u00e9pendants. Nous avons \u00e9galement d\u00e9velopp\u00e9 une m\u00e9thodologie par \u00e9tapes \u00e9prouv\u00e9e.<\/p>\n<p>[\/et_pb_text][\/et_pb_column][et_pb_column type=\u00a0\u00bb1_3&Prime; _builder_version=\u00a0\u00bb4.7.7&Prime; _module_preset=\u00a0\u00bbdefault\u00a0\u00bb][et_pb_text admin_label=\u00a0\u00bbAudits sp\u00e9cialis\u00e9s\u00a0\u00bb _builder_version=\u00a0\u00bb4.7.7&Prime; _module_preset=\u00a0\u00bbdefault\u00a0\u00bb hover_enabled=\u00a0\u00bb0&Prime; sticky_enabled=\u00a0\u00bb0&Prime;]<\/p>\n<h3>Audits sp\u00e9cialis\u00e9s<\/h3>\n<p>Ubitrak propose \u00e9galement des services d&rsquo;audit pour plusieurs normes telles que SSAE -16, certaines CICA et bien d&rsquo;autres. SSAE-16: Ubitrak, en collaboration avec des entreprises sp\u00e9cialis\u00e9es, propose diff\u00e9rentes certifications de normes, pour la certification de centres de colocation ou pour des demandes sp\u00e9cifiques de clients.<\/p>\n<p>[\/et_pb_text][\/et_pb_column][et_pb_column type=\u00a0\u00bb1_3&Prime; _builder_version=\u00a0\u00bb4.7.7&Prime; _module_preset=\u00a0\u00bbdefault\u00a0\u00bb][et_pb_text admin_label=\u00a0\u00bbASV\u00a0\u00bb _builder_version=\u00a0\u00bb4.7.7&Prime; _module_preset=\u00a0\u00bbdefault\u00a0\u00bb hover_enabled=\u00a0\u00bb0&Prime; sticky_enabled=\u00a0\u00bb0&Prime;]<\/p>\n<h3>ASV<\/h3>\n<p>Nous proposons des services ASV.<\/p>\n<p>[\/et_pb_text][\/et_pb_column][\/et_pb_row][et_pb_row _builder_version=\u00a0\u00bb4.7.7&Prime; _module_preset=\u00a0\u00bbdefault\u00a0\u00bb][et_pb_column type=\u00a0\u00bb4_4&Prime; _builder_version=\u00a0\u00bb4.7.7&Prime; _module_preset=\u00a0\u00bbdefault\u00a0\u00bb][et_pb_image src=\u00a0\u00bbhttps:\/\/www.kersonwallaw.com\/wp-content\/uploads\/2021\/01\/compliance-img.jpg\u00a0\u00bb title_text=\u00a0\u00bbcompliance-img\u00a0\u00bb _builder_version=\u00a0\u00bb4.7.7&Prime; _module_preset=\u00a0\u00bbdefault\u00a0\u00bb][\/et_pb_image][\/et_pb_column][\/et_pb_row][et_pb_row admin_label=\u00a0\u00bbA superior\u00a0\u00bb module_class=\u00a0\u00bball-text full-line\u00a0\u00bb _builder_version=\u00a0\u00bb4.7.7&Prime; _module_preset=\u00a0\u00bbdefault\u00a0\u00bb custom_margin=\u00a0\u00bb||65px||false|false\u00a0\u00bb][et_pb_column type=\u00a0\u00bb4_4&Prime; _builder_version=\u00a0\u00bb4.7.7&Prime; _module_preset=\u00a0\u00bbdefault\u00a0\u00bb][et_pb_text _builder_version=\u00a0\u00bb4.7.7&Prime; _module_preset=\u00a0\u00bbdefault\u00a0\u00bb hover_enabled=\u00a0\u00bb0&Prime; sticky_enabled=\u00a0\u00bb0&Prime;]<\/p>\n<h3>Un service de s\u00e9curit\u00e9 sup\u00e9rieur pour votre PCI<\/h3>\n<ul>\n<li>Services d&rsquo;experts seniors<\/li>\n<li>Nous offrons \u00e9galement des services d&rsquo;assistance, de pr\u00e9paration de documentation et d&rsquo;assistance en personne \u00e0 la s\u00e9lection strat\u00e9gique et architecturale<\/li>\n<li>Employ\u00e9s bilingues (anglais et fran\u00e7ais)<\/li>\n<li>Outils commerciaux \u00e0 grande vitesse<\/li>\n<li>Formation PCI DSS, ou conception d&rsquo;applications s\u00e9curis\u00e9es<\/li>\n<li>Notre ind\u00e9pendance est assur\u00e9e puisque nous ne vendons aucun produit<\/li>\n<li>Nous pouvons aider presque tous les types d&rsquo;organisations: les minist\u00e8res,<\/li>\n<li>municipalit\u00e9s, d\u00e9taillants, utilisateurs ou fournisseurs de services<\/li>\n<li>Nos tests de qualit\u00e9<\/li>\n<li>Demandez-nous comment nous pouvons mieux vous prot\u00e9ger \u00e0 un meilleur prix<\/li>\n<li>Nous pouvons \u00e9galement prendre en charge d&rsquo;autres services, au besoin<\/li>\n<\/ul>\n<p>[\/et_pb_text][\/et_pb_column][\/et_pb_row][\/et_pb_section]<\/p>\n","protected":false},"excerpt":{"rendered":"<p>UBITRAK: UNE CONFORMIT\u00c9 SANS SOUCIS NOS SERVICES DE CONFORMIT\u00c9 ET DE CERTIFICATION Vous recherchez une solution pour r\u00e9pondre \u00e0 la nouvelle exigence annuelle 6.5 de PCI DSS 3.2? Nous avons la solution: Ubitrak propose une nouvelle classe eLearning \u00e0 jour sur la fa\u00e7on de concevoir des applications s\u00e9curis\u00e9es tout en r\u00e9pondant aux normes PCI. Ce [&hellip;]<\/p>\n","protected":false},"author":1,"featured_media":0,"parent":0,"menu_order":0,"comment_status":"closed","ping_status":"closed","template":"","meta":{"_et_pb_use_builder":"on","_et_pb_old_content":"","_et_gb_content_width":"","inline_featured_image":false,"footnotes":""},"class_list":["post-378","page","type-page","status-publish","hentry"],"_links":{"self":[{"href":"https:\/\/www.kersonwallaw.com\/fr\/wp-json\/wp\/v2\/pages\/378","targetHints":{"allow":["GET"]}}],"collection":[{"href":"https:\/\/www.kersonwallaw.com\/fr\/wp-json\/wp\/v2\/pages"}],"about":[{"href":"https:\/\/www.kersonwallaw.com\/fr\/wp-json\/wp\/v2\/types\/page"}],"author":[{"embeddable":true,"href":"https:\/\/www.kersonwallaw.com\/fr\/wp-json\/wp\/v2\/users\/1"}],"replies":[{"embeddable":true,"href":"https:\/\/www.kersonwallaw.com\/fr\/wp-json\/wp\/v2\/comments?post=378"}],"version-history":[{"count":6,"href":"https:\/\/www.kersonwallaw.com\/fr\/wp-json\/wp\/v2\/pages\/378\/revisions"}],"predecessor-version":[{"id":600,"href":"https:\/\/www.kersonwallaw.com\/fr\/wp-json\/wp\/v2\/pages\/378\/revisions\/600"}],"wp:attachment":[{"href":"https:\/\/www.kersonwallaw.com\/fr\/wp-json\/wp\/v2\/media?parent=378"}],"curies":[{"name":"wp","href":"https:\/\/api.w.org\/{rel}","templated":true}]}}