{"id":450,"date":"2021-01-20T14:10:11","date_gmt":"2021-01-20T14:10:11","guid":{"rendered":"https:\/\/www.kersonwallaw.com\/our-company\/"},"modified":"2021-01-29T12:33:17","modified_gmt":"2021-01-29T12:33:17","slug":"ubitrak","status":"publish","type":"page","link":"https:\/\/www.kersonwallaw.com\/fr\/ubitrak\/","title":{"rendered":"ubitrak"},"content":{"rendered":"<p>[et_pb_section fb_built=\u00a0\u00bb1&Prime; admin_label=\u00a0\u00bbInner Banner\u00a0\u00bb module_class=\u00a0\u00bbinner-banner\u00a0\u00bb _builder_version=\u00a0\u00bb4.7.7&Prime; _module_preset=\u00a0\u00bbdefault\u00a0\u00bb][et_pb_row _builder_version=\u00a0\u00bb4.7.7&Prime; _module_preset=\u00a0\u00bbdefault\u00a0\u00bb][et_pb_column type=\u00a0\u00bb4_4&Prime; _builder_version=\u00a0\u00bb4.7.7&Prime; _module_preset=\u00a0\u00bbdefault\u00a0\u00bb][et_pb_image src=\u00a0\u00bbhttps:\/\/www.kersonwallaw.com\/wp-content\/uploads\/2021\/01\/online-courses-banner.png\u00a0\u00bb title_text=\u00a0\u00bbonline-courses-banner\u00a0\u00bb _builder_version=\u00a0\u00bb4.7.7&Prime; _module_preset=\u00a0\u00bbdefault\u00a0\u00bb][\/et_pb_image][et_pb_text _builder_version=\u00a0\u00bb4.7.7&Prime; _module_preset=\u00a0\u00bbdefault\u00a0\u00bb hover_enabled=\u00a0\u00bb0&Prime; sticky_enabled=\u00a0\u00bb0&Prime;]<\/p>\n<p>Prot\u00e9gez vos donn\u00e9es, Partout \u00e0 tout moment.<\/p>\n<p>[\/et_pb_text][\/et_pb_column][\/et_pb_row][\/et_pb_section][et_pb_section fb_built=\u00a0\u00bb1&Prime; module_class=\u00a0\u00bbcompany-top\u00a0\u00bb _builder_version=\u00a0\u00bb4.7.7&Prime; _module_preset=\u00a0\u00bbdefault\u00a0\u00bb][et_pb_row module_class=\u00a0\u00bbsub-text full-text\u00a0\u00bb _builder_version=\u00a0\u00bb4.7.7&Prime; _module_preset=\u00a0\u00bbdefault\u00a0\u00bb locked=\u00a0\u00bboff\u00a0\u00bb][et_pb_column type=\u00a0\u00bb4_4&Prime; _builder_version=\u00a0\u00bb4.7.7&Prime; _module_preset=\u00a0\u00bbdefault\u00a0\u00bb][et_pb_text _builder_version=\u00a0\u00bb4.7.7&Prime; _module_preset=\u00a0\u00bbdefault\u00a0\u00bb]<\/p>\n<p>Avez-vous besoin d&rsquo;aide pour vous conformer \u00e0 la norme PCI DSS et aux autres normes de s\u00e9curit\u00e9? Que diriez-vous de bien positionner votre entreprise? Vous avez besoin d&rsquo;une formation sur les normes PCI ou la s\u00e9curit\u00e9 des applications ou des services de conseil? Notre \u00e9quipe exp\u00e9riment\u00e9e et bilingue, avec notre gamme compl\u00e8te d&rsquo;outils d&rsquo;automatisation et de test, est pr\u00eate \u00e0 vous aider.<\/p>\n<p>[\/et_pb_text][et_pb_text module_class=\u00a0\u00bbtext-upper\u00a0\u00bb _builder_version=\u00a0\u00bb4.7.7&Prime; _module_preset=\u00a0\u00bbdefault\u00a0\u00bb]<\/p>\n<h2>Ubitrak: conformit\u00e9 sans souci<\/h2>\n<p>Pour en savoir plus, visitez notre page Conformit\u00e9 et certification ou cliquez sur l&rsquo;ic\u00f4ne repr\u00e9sentant votre secteur pour d\u00e9couvrir comment nous pouvons vous aider.<\/p>\n<p>[\/et_pb_text][\/et_pb_column][\/et_pb_row][\/et_pb_section][et_pb_section fb_built=\u00a0\u00bb1&Prime; module_class=\u00a0\u00bbsectors-section \u00a0\u00bb _builder_version=\u00a0\u00bb4.7.7&Prime; _module_preset=\u00a0\u00bbdefault\u00a0\u00bb][et_pb_row module_class=\u00a0\u00bbtitle-main\u00a0\u00bb _builder_version=\u00a0\u00bb4.7.7&Prime; _module_preset=\u00a0\u00bbdefault\u00a0\u00bb custom_padding=\u00a0\u00bb||0px||false|false\u00a0\u00bb locked=\u00a0\u00bboff\u00a0\u00bb][et_pb_column type=\u00a0\u00bb4_4&Prime; _builder_version=\u00a0\u00bb4.7.7&Prime; _module_preset=\u00a0\u00bbdefault\u00a0\u00bb][et_pb_text admin_label=\u00a0\u00bbNos principaux secteurs\u00a0\u00bb _builder_version=\u00a0\u00bb4.7.7&Prime; _module_preset=\u00a0\u00bbdefault\u00a0\u00bb]<\/p>\n<h2 style=\"text-align: center;\">Nos principaux secteurs<\/h2>\n<p>[\/et_pb_text][\/et_pb_column][\/et_pb_row][et_pb_row module_class=\u00a0\u00bbsectors-box\u00a0\u00bb _builder_version=\u00a0\u00bb4.7.7&Prime; _module_preset=\u00a0\u00bbdefault\u00a0\u00bb][et_pb_column type=\u00a0\u00bb4_4&Prime; _builder_version=\u00a0\u00bb4.7.7&Prime; _module_preset=\u00a0\u00bbdefault\u00a0\u00bb][et_pb_blurb title=\u00a0\u00bbVoyage\u00a0\u00bb image=\u00a0\u00bbhttps:\/\/www.kersonwallaw.com\/wp-content\/uploads\/2021\/01\/travel-img.jpg\u00a0\u00bb admin_label=\u00a0\u00bbVoyage\u00a0\u00bb _builder_version=\u00a0\u00bb4.7.7&Prime; _module_preset=\u00a0\u00bbdefault\u00a0\u00bb animation=\u00a0\u00bboff\u00a0\u00bb]<\/p>\n<p><img loading=\"lazy\" decoding=\"async\" class=\"alignright wp-image-501 size-full\" src=\"https:\/\/www.kersonwallaw.com\/wp-content\/uploads\/2021\/01\/toplogo.jpg\" alt=\"\" width=\"88\" height=\"53\" \/>Devez-vous vous mettre en conformit\u00e9 suite \u00e0 une demande de l&rsquo;IATA ou de votre acqu\u00e9reur? \u00cates-vous un fournisseur de services dans l&rsquo;industrie du voyage, de l&rsquo;h\u00f4tellerie ou de la restauration? Nous pouvons t&rsquo;aider. Nous sommes une QSA sp\u00e9cialis\u00e9e dans les voyages et l&rsquo;h\u00f4tellerie. Nous servons de nombreux clients dans l&rsquo;industrie du tourisme.<\/p>\n<ul>\n<li><a href=\"https:\/\/www.kersonwallaw.com\/fr\/certification-service\/\">Service de certification<\/a><\/li>\n<li>Toutes les formations requises pour obtenir la certification PCI DSS, disponibles dans les cours e-learning, ainsi que nous proposons une conception de cours d&rsquo;orientation sp\u00e9cifiquement pour l&rsquo;industrie du voyage afin de positionner la certification PCI DSS et des strat\u00e9gies pour une conformit\u00e9 PCI DSS efficace et rapide.<\/li>\n<li>Kit d&rsquo;exemples de la documentation requise en fonction de votre contexte<\/li>\n<li><a href=\"https:\/\/www.kersonwallaw.com\/fr\/tests\/\">Des tests<\/a><\/li>\n<\/ul>\n<p>Nous sommes un QSA certifi\u00e9 pour les prestataires de services de paiement, les organisateurs de voyages et les agences de voyages. Nous proposons \u00e9galement une page de certification semi-automatis\u00e9e. Contactez-nous pour en savoir plus! Lien PCI important pour les agents de voyages<\/p>\n<div class=\"compay-footer\"><strong>Client de r\u00e9f\u00e9rence:<\/strong> <img loading=\"lazy\" decoding=\"async\" class=\"alignnone wp-image-492 size-full\" src=\"https:\/\/www.kersonwallaw.com\/wp-content\/uploads\/2021\/01\/softvoyage.jpg\" alt=\"\" width=\"150\" height=\"47\" \/><\/div>\n<p>[\/et_pb_blurb][et_pb_blurb title=\u00a0\u00bbCentre d&rsquo;appels\u00a0\u00bb image=\u00a0\u00bbhttps:\/\/www.kersonwallaw.com\/wp-content\/uploads\/2021\/01\/call-center-min.jpg\u00a0\u00bb admin_label=\u00a0\u00bbCentre d&rsquo;appels\u00a0\u00bb _builder_version=\u00a0\u00bb4.7.7&Prime; _module_preset=\u00a0\u00bbdefault\u00a0\u00bb animation=\u00a0\u00bboff\u00a0\u00bb]<\/p>\n<p>Nous certifions les centres d&rsquo;appels conform\u00e9ment \u00e0 la norme PCI DSS depuis 2011. Nous avons certifi\u00e9 des centres d&rsquo;appels de toutes tailles et utilisant diff\u00e9rentes technologies \u00e0 travers le pays. Nous travaillons avec des entreprises de soutien aux banques, aux t\u00e9l\u00e9communications, au commerce MOTO. Nous savons comment vous aider.<\/p>\n<ul>\n<li><a href=\"https:\/\/www.kersonwallaw.com\/fr\/certification-service\/\">Service de certification<\/a><\/li>\n<li><a href=\"https:\/\/www.kersonwallaw.com\/fr\/tests\/\">Des tests<\/a><\/li>\n<li>Formation, y compris des cours <a href=\"https:\/\/www.kersonwallaw.com\/fr\/e-learning-courses\/\">d&rsquo;apprentissage en ligne<\/a>, dont certains sont disponibles sur notre boutique en <a href=\"https:\/\/www.kersonwallaw.com\/fr\/shared-management-service\/\">boutique en ligne<\/a><\/li>\n<\/ul>\n<div class=\"compay-footer\"><strong>Client de r\u00e9f\u00e9rence:<\/strong><img loading=\"lazy\" decoding=\"async\" class=\"wp-image-528 size-full alignnone\" src=\"https:\/\/www.kersonwallaw.com\/wp-content\/uploads\/2021\/01\/Interactive_Intelligence_logo.jpg\" alt=\"\" width=\"180\" height=\"50\" \/><\/div>\n<p>[\/et_pb_blurb][et_pb_blurb title=\u00a0\u00bbService de paiement\u00a0\u00bb image=\u00a0\u00bbhttps:\/\/www.kersonwallaw.com\/wp-content\/uploads\/2021\/01\/payment-service.jpg\u00a0\u00bb admin_label=\u00a0\u00bbService de paiement\u00a0\u00bb _builder_version=\u00a0\u00bb4.7.7&Prime; _module_preset=\u00a0\u00bbdefault\u00a0\u00bb animation=\u00a0\u00bboff\u00a0\u00bb]Nous proposons les certifications PCI DSS, ICCA3416 et INTERAC &#8211; un \u00abguichet unique\u00bb pour tous vos besoins de certification. Certains de nos QSA seniors ont travaill\u00e9 dans les banques pendant de nombreuses ann\u00e9es en mati\u00e8re de conformit\u00e9. Nous avons certifi\u00e9 de nombreux prestataires de services de paiement.<\/p>\n<ul>\n<li><a href=\"https:\/\/www.kersonwallaw.com\/fr\/certification-service\/\">Service de certification<\/a><\/li>\n<li><a href=\"https:\/\/www.kersonwallaw.com\/fr\/tests\/\">Des tests<\/a><\/li>\n<li>Formation, y compris des cours <a href=\"https:\/\/www.kersonwallaw.com\/fr\/e-learning-courses\/\">d&rsquo;apprentissage en ligne<\/a>, dont certains sont disponibles sur notre boutique en <a href=\"https:\/\/www.kersonwallaw.com\/fr\/shared-management-service\/\">boutique en ligne<\/a><\/li>\n<\/ul>\n<div class=\"compay-footer\"><strong>Client de r\u00e9f\u00e9rence:<\/strong> <img loading=\"lazy\" decoding=\"async\" class=\"wp-image-533 size-full alignnone\" src=\"https:\/\/www.kersonwallaw.com\/wp-content\/uploads\/2021\/01\/CTPayment.jpg\" alt=\"\" width=\"191\" height=\"61\" \/><\/div>\n<p>[\/et_pb_blurb][et_pb_blurb title=\u00a0\u00bbBornes de paiement, stations-service, gestion du stationnement et bornes de paiement de stationnement\u00a0\u00bb image=\u00a0\u00bbhttps:\/\/www.kersonwallaw.com\/wp-content\/uploads\/2021\/01\/payment-img2.jpg\u00a0\u00bb admin_label=\u00a0\u00bbTerminaux de paiement\u00a0\u00bb _builder_version=\u00a0\u00bb4.7.7&Prime; _module_preset=\u00a0\u00bbdefault\u00a0\u00bb animation=\u00a0\u00bboff\u00a0\u00bb]<\/p>\n<p>Nous avons certifi\u00e9 de nombreux prestataires de services ou commer\u00e7ants utilisant des terminaux de paiement sans surveillance. Nous pourrions \u00e9galement vous aider \u00e0 certifier vos applications de paiement.<\/p>\n<ul>\n<li><a href=\"https:\/\/www.kersonwallaw.com\/fr\/certification-service\/\">Service de certification<\/a><\/li>\n<li><a href=\"https:\/\/www.kersonwallaw.com\/fr\/tests\/\">Des tests<\/a><\/li>\n<li>Formation, y compris des cours <a href=\"https:\/\/www.kersonwallaw.com\/fr\/e-learning-courses\/\">d&rsquo;apprentissage en ligne<\/a>, dont certains sont disponibles sur notre boutique en <a href=\"https:\/\/www.kersonwallaw.com\/fr\/shared-management-service\/\">boutique en ligne<\/a><\/li>\n<\/ul>\n<div class=\"compay-footer compay-w-text\"><strong>Client de r\u00e9f\u00e9rence:<\/strong> Soci\u00e9t\u00e9 en Commandite Stationnement\u00a0 de Montr\u00e9al<\/div>\n<p>[\/et_pb_blurb][et_pb_blurb title=\u00a0\u00bbMarchands et fournisseurs de commerce \u00e9lectronique\u00a0\u00bb image=\u00a0\u00bbhttps:\/\/www.kersonwallaw.com\/wp-content\/uploads\/2021\/01\/e-commerce-img.jpg\u00a0\u00bb admin_label=\u00a0\u00bbMarchands et fournisseurs de commerce \u00e9lectronique\u00a0\u00bb _builder_version=\u00a0\u00bb4.7.7&Prime; _module_preset=\u00a0\u00bbdefault\u00a0\u00bb animation=\u00a0\u00bboff\u00a0\u00bb]<\/p>\n<p>Vous recherchez un QSA exp\u00e9riment\u00e9 capable de vous guider et de vous proposer un conseil strat\u00e9gique solide? Certains de nos clients effectuent des dizaines de transactions par jour et d&rsquo;autres font des millions de transactions. Nous comprenons la situation des fournisseurs de commerce \u00e9lectronique de toutes tailles. Nous faisons partie des QSA certifiant le plus grand nombre de fournisseurs de services au Canada avec des op\u00e9rations dans un certain nombre de pays.<\/p>\n<ul>\n<li><a href=\"https:\/\/www.kersonwallaw.com\/fr\/certification-service\/\">Service de certification<\/a><\/li>\n<li><a href=\"https:\/\/www.kersonwallaw.com\/fr\/tests\/\">Des tests<\/a><\/li>\n<li>Formation, y compris des cours <a href=\"https:\/\/www.kersonwallaw.com\/fr\/e-learning-courses\/\">d&rsquo;apprentissage en ligne<\/a>, dont certains sont disponibles sur notre boutique en <a href=\"https:\/\/www.kersonwallaw.com\/fr\/shared-management-service\/\">boutique en ligne<\/a><\/li>\n<\/ul>\n<p>[\/et_pb_blurb][et_pb_blurb title=\u00a0\u00bbInstitutions financi\u00e8res\u00a0\u00bb image=\u00a0\u00bbhttps:\/\/www.kersonwallaw.com\/wp-content\/uploads\/2021\/01\/financial-img.jpg\u00a0\u00bb admin_label=\u00a0\u00bbInstitutions financi\u00e8res\u00a0\u00bb _builder_version=\u00a0\u00bb4.7.7&Prime; _module_preset=\u00a0\u00bbdefault\u00a0\u00bb animation=\u00a0\u00bboff\u00a0\u00bb]<\/p>\n<p>\u00cates-vous \u00e0 la recherche d&rsquo;un QSA exp\u00e9riment\u00e9 qui comprend vraiment votre environnement et vos valeurs et qui peut \u00e9galement effectuer votre INTERAC? Certains de nos QSA seniors ont de l&rsquo;exp\u00e9rience dans les banques. Nous avons certifi\u00e9 un certain nombre de prestataires de services de paiement.<\/p>\n<ul>\n<li><a href=\"https:\/\/www.kersonwallaw.com\/fr\/certification-service\/\">Service de certification<\/a><\/li>\n<li><a href=\"https:\/\/www.kersonwallaw.com\/fr\/tests\/\">Des tests<\/a><\/li>\n<li>Formation, y compris des cours <a href=\"https:\/\/www.kersonwallaw.com\/fr\/e-learning-courses\/\">d&rsquo;apprentissage en ligne<\/a>, dont certains sont disponibles sur notre boutique en <a href=\"https:\/\/www.kersonwallaw.com\/fr\/shared-management-service\/\">boutique en ligne<\/a><\/li>\n<\/ul>\n<p>[\/et_pb_blurb][\/et_pb_column][\/et_pb_row][\/et_pb_section]<\/p>\n","protected":false},"excerpt":{"rendered":"<p>Prot\u00e9gez vos donn\u00e9es, Partout \u00e0 tout moment. Avez-vous besoin d&rsquo;aide pour vous conformer \u00e0 la norme PCI DSS et aux autres normes de s\u00e9curit\u00e9? Que diriez-vous de bien positionner votre entreprise? Vous avez besoin d&rsquo;une formation sur les normes PCI ou la s\u00e9curit\u00e9 des applications ou des services de conseil? Notre \u00e9quipe exp\u00e9riment\u00e9e et bilingue, [&hellip;]<\/p>\n","protected":false},"author":1,"featured_media":0,"parent":0,"menu_order":0,"comment_status":"closed","ping_status":"closed","template":"","meta":{"_et_pb_use_builder":"on","_et_pb_old_content":"","_et_gb_content_width":"","inline_featured_image":false,"footnotes":""},"class_list":["post-450","page","type-page","status-publish","hentry"],"_links":{"self":[{"href":"https:\/\/www.kersonwallaw.com\/fr\/wp-json\/wp\/v2\/pages\/450","targetHints":{"allow":["GET"]}}],"collection":[{"href":"https:\/\/www.kersonwallaw.com\/fr\/wp-json\/wp\/v2\/pages"}],"about":[{"href":"https:\/\/www.kersonwallaw.com\/fr\/wp-json\/wp\/v2\/types\/page"}],"author":[{"embeddable":true,"href":"https:\/\/www.kersonwallaw.com\/fr\/wp-json\/wp\/v2\/users\/1"}],"replies":[{"embeddable":true,"href":"https:\/\/www.kersonwallaw.com\/fr\/wp-json\/wp\/v2\/comments?post=450"}],"version-history":[{"count":19,"href":"https:\/\/www.kersonwallaw.com\/fr\/wp-json\/wp\/v2\/pages\/450\/revisions"}],"predecessor-version":[{"id":896,"href":"https:\/\/www.kersonwallaw.com\/fr\/wp-json\/wp\/v2\/pages\/450\/revisions\/896"}],"wp:attachment":[{"href":"https:\/\/www.kersonwallaw.com\/fr\/wp-json\/wp\/v2\/media?parent=450"}],"curies":[{"name":"wp","href":"https:\/\/api.w.org\/{rel}","templated":true}]}}