{"id":839,"date":"2022-02-25T04:14:39","date_gmt":"2022-02-25T09:14:39","guid":{"rendered":"https:\/\/www.kersonwallaw.com\/ubitrak-audit-portal\/"},"modified":"2025-02-20T11:43:36","modified_gmt":"2025-02-20T16:43:36","slug":"ubitrak-audit-portal","status":"publish","type":"page","link":"https:\/\/www.kersonwallaw.com\/fr\/ubitrak-audit-portal\/","title":{"rendered":"Ubitrak Audit Portal"},"content":{"rendered":"<p>[et_pb_section fb_built=\u00a0\u00bb1&Prime; admin_label=\u00a0\u00bbInner Banner\u00a0\u00bb module_class=\u00a0\u00bbinner-banner\u00a0\u00bb _builder_version=\u00a0\u00bb4.16&Prime; _module_preset=\u00a0\u00bbdefault\u00a0\u00bb global_colors_info=\u00a0\u00bb{}\u00a0\u00bb][et_pb_row _builder_version=\u00a0\u00bb4.16&Prime; _module_preset=\u00a0\u00bbdefault\u00a0\u00bb global_colors_info=\u00a0\u00bb{}\u00a0\u00bb][et_pb_column type=\u00a0\u00bb4_4&Prime; _builder_version=\u00a0\u00bb4.16&Prime; _module_preset=\u00a0\u00bbdefault\u00a0\u00bb global_colors_info=\u00a0\u00bb{}\u00a0\u00bb][et_pb_image src=\u00a0\u00bbhttps:\/\/www.kersonwallaw.com\/wp-content\/uploads\/2021\/01\/online-courses-banner.png\u00a0\u00bb title_text=\u00a0\u00bbonline-courses-banner\u00a0\u00bb _builder_version=\u00a0\u00bb4.16&Prime; _module_preset=\u00a0\u00bbdefault\u00a0\u00bb global_colors_info=\u00a0\u00bb{}\u00a0\u00bb][\/et_pb_image][et_pb_text _builder_version=\u00a0\u00bb4.16&Prime; _module_preset=\u00a0\u00bbdefault\u00a0\u00bb global_colors_info=\u00a0\u00bb{}\u00a0\u00bb]<\/p>\n<p>Portail d&rsquo;audit Ubitrak<\/p>\n<p>[\/et_pb_text][\/et_pb_column][\/et_pb_row][\/et_pb_section][et_pb_section fb_built=\u00a0\u00bb1&Prime; admin_label=\u00a0\u00bbIntroduction\u00a0\u00bb _builder_version=\u00a0\u00bb4.16&Prime; _module_preset=\u00a0\u00bbdefault\u00a0\u00bb locked=\u00a0\u00bboff\u00a0\u00bb collapsed=\u00a0\u00bboff\u00a0\u00bb global_colors_info=\u00a0\u00bb{}\u00a0\u00bb][et_pb_row module_class=\u00a0\u00bbtitle-main\u00a0\u00bb _builder_version=\u00a0\u00bb4.16&Prime; _module_preset=\u00a0\u00bbdefault\u00a0\u00bb custom_padding=\u00a0\u00bb||0px||false|false\u00a0\u00bb global_colors_info=\u00a0\u00bb{}\u00a0\u00bb][et_pb_column type=\u00a0\u00bb4_4&Prime; _builder_version=\u00a0\u00bb4.16&Prime; _module_preset=\u00a0\u00bbdefault\u00a0\u00bb global_colors_info=\u00a0\u00bb{}\u00a0\u00bb][et_pb_text admin_label=\u00a0\u00bb\u00c0 propos du portail d&rsquo;audit Ubitrak\u00a0\u00bb _builder_version=\u00a0\u00bb4.16&Prime; _module_preset=\u00a0\u00bbdefault\u00a0\u00bb global_colors_info=\u00a0\u00bb{}\u00a0\u00bb]<\/p>\n<h2 style=\"text-align: center;\">\u00c0 propos du portail d&rsquo;audit Ubitrak<\/h2>\n<p>[\/et_pb_text][\/et_pb_column][\/et_pb_row][et_pb_row module_class=\u00a0\u00bbsub-text \u00a0\u00bb _builder_version=\u00a0\u00bb4.16&Prime; _module_preset=\u00a0\u00bbdefault\u00a0\u00bb global_colors_info=\u00a0\u00bb{}\u00a0\u00bb][et_pb_column type=\u00a0\u00bb4_4&Prime; _builder_version=\u00a0\u00bb4.16&Prime; _module_preset=\u00a0\u00bbdefault\u00a0\u00bb global_colors_info=\u00a0\u00bb{}\u00a0\u00bb][et_pb_text module_class=\u00a0\u00bbubi-main-text\u00a0\u00bb _builder_version=\u00a0\u00bb4.16&Prime; _module_preset=\u00a0\u00bbdefault\u00a0\u00bb global_colors_info=\u00a0\u00bb{}\u00a0\u00bb]<\/p>\n<p>Ubitrak a lanc\u00e9 un portail client pour surveiller et g\u00e9rer tous les audits propos\u00e9s par Ubitrak, y compris PCI DSS, Interac, SOC 2 Types 1 et 2 et la pr\u00e9paration ISO 27001.<br \/>Le portail est un tableau de bord qui guide les clients tout au long des processus d&rsquo;audit.<\/p>\n<p>[\/et_pb_text][et_pb_button button_url=\u00a0\u00bbhttps:\/\/www.kersonwallaw.com\/ubitrak_grc\/index.html\u00a0\u00bb url_new_window=\u00a0\u00bbon\u00a0\u00bb button_text=\u00a0\u00bbCliquez ici pour en savoir plus\u00a0\u00bb admin_label=\u00a0\u00bbLogin Link\u00a0\u00bb module_class=\u00a0\u00bbgreen-btn french-btn\u00a0\u00bb _builder_version=\u00a0\u00bb4.27.4&Prime; _module_preset=\u00a0\u00bbdefault\u00a0\u00bb hover_enabled=\u00a0\u00bb0&Prime; global_colors_info=\u00a0\u00bb{}\u00a0\u00bb sticky_enabled=\u00a0\u00bb0&Prime;][\/et_pb_button][\/et_pb_column][\/et_pb_row][\/et_pb_section]<\/p>\n","protected":false},"excerpt":{"rendered":"<p>Portail d&rsquo;audit Ubitrak\u00c0 propos du portail d&rsquo;audit UbitrakUbitrak a lanc\u00e9 un portail client pour surveiller et g\u00e9rer tous les audits propos\u00e9s par Ubitrak, y compris PCI DSS, Interac, SOC 2 Types 1 et 2 et la pr\u00e9paration ISO 27001.Le portail est un tableau de bord qui guide les clients tout au long des processus d&rsquo;audit.<\/p>\n","protected":false},"author":1,"featured_media":0,"parent":0,"menu_order":0,"comment_status":"closed","ping_status":"closed","template":"","meta":{"_et_pb_use_builder":"on","_et_pb_old_content":"","_et_gb_content_width":"","inline_featured_image":false,"footnotes":""},"class_list":["post-839","page","type-page","status-publish","hentry"],"_links":{"self":[{"href":"https:\/\/www.kersonwallaw.com\/fr\/wp-json\/wp\/v2\/pages\/839","targetHints":{"allow":["GET"]}}],"collection":[{"href":"https:\/\/www.kersonwallaw.com\/fr\/wp-json\/wp\/v2\/pages"}],"about":[{"href":"https:\/\/www.kersonwallaw.com\/fr\/wp-json\/wp\/v2\/types\/page"}],"author":[{"embeddable":true,"href":"https:\/\/www.kersonwallaw.com\/fr\/wp-json\/wp\/v2\/users\/1"}],"replies":[{"embeddable":true,"href":"https:\/\/www.kersonwallaw.com\/fr\/wp-json\/wp\/v2\/comments?post=839"}],"version-history":[{"count":10,"href":"https:\/\/www.kersonwallaw.com\/fr\/wp-json\/wp\/v2\/pages\/839\/revisions"}],"predecessor-version":[{"id":984,"href":"https:\/\/www.kersonwallaw.com\/fr\/wp-json\/wp\/v2\/pages\/839\/revisions\/984"}],"wp:attachment":[{"href":"https:\/\/www.kersonwallaw.com\/fr\/wp-json\/wp\/v2\/media?parent=839"}],"curies":[{"name":"wp","href":"https:\/\/api.w.org\/{rel}","templated":true}]}}